{"id":2962,"date":"2024-08-15T10:02:06","date_gmt":"2024-08-15T10:02:06","guid":{"rendered":"https:\/\/www.northsouthapartments.com\/?page_id=2962"},"modified":"2024-09-30T18:32:52","modified_gmt":"2024-09-30T18:32:52","slug":"impressum","status":"publish","type":"page","link":"https:\/\/www.northsouthapartments.com\/en\/impressum\/","title":{"rendered":"Imprint"},"content":{"rendered":"<div data-elementor-type=\"wp-page\" data-elementor-id=\"2962\" class=\"elementor elementor-2962\" data-elementor-post-type=\"page\">\n\t\t\t\t<div class=\"elementor-element elementor-element-8d7d946 e-flex e-con-boxed e-con e-parent\" data-id=\"8d7d946\" data-element_type=\"container\" data-e-type=\"container\">\n\t\t\t\t\t<div class=\"e-con-inner\">\n\t\t\t\t<div class=\"elementor-element elementor-element-db534f4 elementor-widget elementor-widget-spacer\" data-id=\"db534f4\" data-element_type=\"widget\" data-e-type=\"widget\" data-widget_type=\"spacer.default\">\n\t\t\t\t<div class=\"elementor-widget-container\">\n\t\t\t\t\t\t\t<div class=\"elementor-spacer\">\n\t\t\t<div class=\"elementor-spacer-inner\"><\/div>\n\t\t<\/div>\n\t\t\t\t\t\t<\/div>\n\t\t\t\t<\/div>\n\t\t\t\t<div class=\"elementor-element elementor-element-2d9ead0 elementor-widget elementor-widget-heading\" data-id=\"2d9ead0\" data-element_type=\"widget\" data-e-type=\"widget\" data-widget_type=\"heading.default\">\n\t\t\t\t<div class=\"elementor-widget-container\">\n\t\t\t\t\t<h1 class=\"elementor-heading-title elementor-size-default\">Imprint<\/h1>\t\t\t\t<\/div>\n\t\t\t\t<\/div>\n\t\t\t\t\t<\/div>\n\t\t\t\t<\/div>\n\t\t<div class=\"elementor-element elementor-element-59a267c e-flex e-con-boxed e-con e-parent\" data-id=\"59a267c\" data-element_type=\"container\" data-e-type=\"container\">\n\t\t\t\t\t<div class=\"e-con-inner\">\n\t\t\t\t<div class=\"elementor-element elementor-element-cf04c8a elementor-widget elementor-widget-spacer\" data-id=\"cf04c8a\" data-element_type=\"widget\" data-e-type=\"widget\" data-widget_type=\"spacer.default\">\n\t\t\t\t<div class=\"elementor-widget-container\">\n\t\t\t\t\t\t\t<div class=\"elementor-spacer\">\n\t\t\t<div class=\"elementor-spacer-inner\"><\/div>\n\t\t<\/div>\n\t\t\t\t\t\t<\/div>\n\t\t\t\t<\/div>\n\t\t\t\t\t<\/div>\n\t\t\t\t<\/div>\n\t\t<div class=\"elementor-element elementor-element-4e0f089 e-flex e-con-boxed e-con e-parent\" data-id=\"4e0f089\" data-element_type=\"container\" data-e-type=\"container\">\n\t\t\t\t\t<div class=\"e-con-inner\">\n\t\t\t\t<div class=\"elementor-element elementor-element-398d1a2 elementor-widget elementor-widget-text-editor\" data-id=\"398d1a2\" data-element_type=\"widget\" data-e-type=\"widget\" data-widget_type=\"text-editor.default\">\n\t\t\t\t<div class=\"elementor-widget-container\">\n\t\t\t\t\t\t\t\t\t<div id=\"c222\" class=\"csc-default\" style=\"color: #343434; font-family: Roboto, sans-serif; font-size: 15px;\"><span style=\"color: #012623; font-size: 1.875rem; font-weight: bold; text-align: var(--text-align);\">Responsible for the content<\/span><\/div><div id=\"c223\" class=\"csc-default\" style=\"color: #343434; font-family: Roboto, sans-serif; font-size: 15px;\"><div id=\"c222\" class=\"csc-default\"><p>Northsouth Apartments<br \/>Johannes Riml und KarinSchmid<br \/>H\u00f6fleweg 2a<br \/>6450 S\u00f6lden \/ Austria<\/p><p>Phone numbers: 0043 676 7883372\/ 0043 676 4264405<\/p><p>Mail:\u00a0<a class=\"mail\" title=\"Opens window for sending email\" href=\"mailto:info@northsouthapartments.com\">info@northsouthapartments.com<\/a><br \/>Web:\u00a0<a class=\"external-link-new-window\" title=\"Opens external link in new window\" href=\"https:\/\/www.northsouthapartments.com\/en\/\" target=\"_blank\" rel=\"noopener\">www.northsouthapartments.com<\/a><\/p><div class=\"csc-default\" style=\"color: #343434; font-family: Roboto, sans-serif; font-size: 15px; font-style: normal; font-variant-ligatures: normal; font-variant-caps: normal; font-weight: 300; letter-spacing: normal; orphans: 2; text-align: start; text-indent: 0px; text-transform: none; widows: 2; word-spacing: 0px; -webkit-text-stroke-width: 0px; white-space: normal; background-color: #ffffff; text-decoration-thickness: initial; text-decoration-style: initial; text-decoration-color: initial;\"><span style=\"color: #012623; font-size: 1.875rem; font-weight: bold;\">Image and text sources<\/span><\/div><div id=\"c369\" class=\"csc-default\" style=\"color: #343434; font-family: Roboto, sans-serif; font-size: 15px; font-style: normal; font-variant-ligatures: normal; font-variant-caps: normal; font-weight: 300; letter-spacing: normal; orphans: 2; text-align: start; text-indent: 0px; text-transform: none; widows: 2; word-spacing: 0px; -webkit-text-stroke-width: 0px; white-space: normal; background-color: #ffffff; text-decoration-thickness: initial; text-decoration-style: initial; text-decoration-color: initial;\"><div id=\"c369\" class=\"csc-default\"><p>Own photos, \u00d6tztal Tourismus, Aqua Dome, Bergbahnen S\u00f6lden, fotolia.de, Appartement-Hotel A Casa Saphir<\/p><\/div><div class=\"csc-default\"><h2>Privacy policy<\/h2><p><b>Geltungsbereich<\/b><br \/>This privacy policy informs users about the type, scope and purpose of the collection and use of personal data by the responsible provider [Northsouth Apartments, Johannes und Karin Riml, Schrofenweg 2, 6450 S\u00f6lden, Mail:\u00a0<a href=\"mailto:info@northsouthapartments.com\">info@northsouthapartments.com<\/a>telephone: 0043 676 7883372] on this website (hereinafter referred to as \u201coffer\u201d). The legal basis for data protection can be found in the Federal Data Protection Act (BDSG) and the Telemedia Act (TMG).<\/p><p><b>Access data\/ server log files<\/b><br \/>The provider (or its web space provider) collects data about every access to the website (so-called server log files). The access data includes: Name of the website accessed, file, date and time of access, amount of data transferred, notification of successful access, browser type and version, the user's operating system, referrer URL (the previously visited page), IP address and the requesting provider. The provider uses the log data only for statistical evaluations for the purpose of operation, security and optimization of the offer. However, the provider reserves the right to check the log data retrospectively if there is a justified suspicion of unlawful use based on concrete evidence.<\/p><p><b>Handling of personal data<\/b><br \/>Personal data is information that can be used to identify a person, i.e. information that can be traced back to a person. This includes the name, email address or telephone number. But data about preferences, hobbies, memberships or which websites have been viewed by someone also count as personal data. Personal data is only collected, used and passed on by the provider if this is permitted by law or if the user consents to the collection of data.<\/p><p><b>Contact<\/b><br \/>When contacting the provider (e.g. via contact form or e-mail), the user's details are stored for the purpose of processing the inquiry and in the event that follow-up questions arise.<\/p><p><b>Integration of third-party services and content<\/b><br \/>It may happen that third-party content, such as videos from YouTube, maps from Google Maps, RSS feeds or graphics from other websites are integrated into this online offering. This always presupposes that the providers of this content (hereinafter referred to as \u201cthird-party providers\u201d) are aware of the user's IP address. This is because without the IP address, they would not be able to send the content to the respective user's browser. The IP address is therefore required to display this content. We endeavor to only use content whose respective providers only use the IP address to deliver the content. However, we have no influence on whether the third-party providers store the IP address, e.g. for statistical purposes. Insofar as we are aware of this, we will inform users accordingly.<\/p><p><b>Cookies<\/b><br \/>Cookies are small files that make it possible to store specific, device-related information on the user's access device (PC, smartphone, etc.). On the one hand, they serve the user-friendliness of websites and thus the users (e.g. storage of login data). On the other hand, they are used to collect statistical data on website usage and to analyze it for the purpose of improving the offer. Users can influence the use of cookies. Most browsers have an option to restrict or completely prevent the storage of cookies. However, it should be noted that the use and in particular the ease of use are restricted without cookies.<br \/>You can set many online ad cookies from companies via the US site\u00a0<a href=\"http:\/\/www.aboutads.info\/choices\/\">www.aboutads.info\/choices\/<\/a>\u00a0or the EU side\u00a0<a href=\"http:\/\/www.youronlinechoices.com\/uk\/your-ad-choices\/\">www.youronlinechoices.com\/uk\/your-ad-choices\/<\/a>\u00a0manage.<\/p><p><b>Piwik<\/b><br \/>This offer uses\u00a0<a href=\"http:\/\/piwik.org\/\">Piwik<\/a>Piwik, an open source software for the statistical analysis of user access. Piwik uses so-called \u201ccookies\u201d, text files that are stored on the user's computer and that enable an analysis of the use of the website by the user. The information generated by the cookie about the use of this website is stored on the provider's server in Germany. The IP address is anonymized immediately after processing and before it is stored. Users may refuse the use of cookies by selecting the appropriate settings on their browser, however please note that if you do this you may not be able to use the full functionality of this website. [INSERT IFRAME WITH GERMAN TRANSLATION AND OPT-OUT COOKIE]<\/p><p><b>Revocation, amendments, corrections and updates<\/b><br \/>The user has the right, upon request and free of charge, to receive information about the personal data that has been stored about him. In addition, the user has the right to correct incorrect data, block and delete their personal data, insofar as this does not conflict with any statutory retention obligation.<\/p><p><a href=\"http:\/\/rechtsanwalt-schwenke.de\/smmr-buch\/datenschutz-muster-generator-fuer-webseiten-blogs-und-social-media\/\"><b>Data protection sample from lawyer Thomas Schwenke - I LAW it<\/b><\/a><\/p><\/div><\/div><\/div><div class=\"csc-default\"><div class=\"divider\"><hr \/><\/div><\/div><div id=\"c223\" class=\"csc-default\">\u00a0<\/div><\/div><div class=\"csc-default\" style=\"color: #343434; font-family: Roboto, sans-serif; font-size: 15px; font-style: normal; font-variant-ligatures: normal; font-variant-caps: normal; font-weight: 300; letter-spacing: normal; orphans: 2; text-align: start; text-indent: 0px; text-transform: none; widows: 2; word-spacing: 0px; -webkit-text-stroke-width: 0px; white-space: normal; background-color: #ffffff; text-decoration-thickness: initial; text-decoration-style: initial; text-decoration-color: initial;\"><div class=\"divider\"><hr style=\"display: block; height: 0px; border-width: 1px; border-color: #dceced; border-image: initial; margin: 20px 0px; padding: 0px; box-sizing: content-box; border-style: solid initial solid initial;\" \/><\/div><\/div>\t\t\t\t\t\t\t\t<\/div>\n\t\t\t\t<\/div>\n\t\t\t\t\t<\/div>\n\t\t\t\t<\/div>\n\t\t\t\t<\/div>","protected":false},"excerpt":{"rendered":"<p>Impressum F\u00fcr den Inhalt verantwortlich Northsouth ApartmentsJohannes Riml und KarinSchmidH\u00f6fleweg 2a6450 S\u00f6lden \/ Austria Telefon: 0043 676 7883372\/ 0043 676 4264405 Mail:\u00a0info@northsouthapartments.comWeb:\u00a0www.northsouthapartments.com Bild- und Textquellen Eigenaufnahmen, \u00d6tztal Tourismus, Aqua Dome, Bergbahnen S\u00f6lden, fotolia.de, Appartement-Hotel A Casa Saphir Datenschutzerkl\u00e4rung GeltungsbereichDiese Datenschutzerkl\u00e4rung kl\u00e4rt Nutzer \u00fcber die Art, den Umfang und Zwecke der Erhebung und Verwendung personenbezogener Daten &hellip; <\/p>\n<p class=\"link-more\"><a href=\"https:\/\/www.northsouthapartments.com\/en\/impressum\/\" class=\"more-link\">Read more<span class=\"screen-reader-text\"> &#8222;Impressum&#8220;<\/span><\/a><\/p>","protected":false},"author":1,"featured_media":0,"parent":0,"menu_order":0,"comment_status":"closed","ping_status":"closed","template":"","meta":{"_uf_show_specific_survey":0,"_uf_disable_surveys":false,"inspiro_hide_title":false,"footnotes":""},"ferienhauser":[],"top_view_aparts":[],"class_list":["post-2962","page","type-page","status-publish","hentry"],"yoast_head":"<!-- This site is optimized with the Yoast SEO plugin v23.5 - https:\/\/yoast.com\/wordpress\/plugins\/seo\/ -->\n<title>Impressum - Northsouth Apartments<\/title>\n<meta name=\"robots\" content=\"index, follow, max-snippet:-1, max-image-preview:large, max-video-preview:-1\" \/>\n<link rel=\"canonical\" href=\"https:\/\/www.northsouthapartments.com\/en\/impressum\/\" \/>\n<meta property=\"og:locale\" content=\"en_US\" \/>\n<meta property=\"og:type\" content=\"article\" \/>\n<meta property=\"og:title\" content=\"Impressum - Northsouth Apartments\" \/>\n<meta property=\"og:description\" content=\"Impressum F\u00fcr den Inhalt verantwortlich Northsouth ApartmentsJohannes Riml und KarinSchmidH\u00f6fleweg 2a6450 S\u00f6lden \/ Austria Telefon: 0043 676 7883372\/ 0043 676 4264405 Mail:\u00a0info@northsouthapartments.comWeb:\u00a0www.northsouthapartments.com Bild- und Textquellen Eigenaufnahmen, \u00d6tztal Tourismus, Aqua Dome, Bergbahnen S\u00f6lden, fotolia.de, Appartement-Hotel A Casa Saphir Datenschutzerkl\u00e4rung GeltungsbereichDiese Datenschutzerkl\u00e4rung kl\u00e4rt Nutzer \u00fcber die Art, den Umfang und Zwecke der Erhebung und Verwendung personenbezogener Daten &hellip; Read more &quot;Impressum&quot;\" \/>\n<meta property=\"og:url\" content=\"https:\/\/www.northsouthapartments.com\/en\/impressum\/\" \/>\n<meta property=\"og:site_name\" content=\"Northsouth Apartments\" \/>\n<meta property=\"article:modified_time\" content=\"2024-09-30T18:32:52+00:00\" \/>\n<meta name=\"twitter:card\" content=\"summary_large_image\" \/>\n<meta name=\"twitter:label1\" content=\"Est. reading time\" \/>\n\t<meta name=\"twitter:data1\" content=\"4 minutes\" \/>\n<script type=\"application\/ld+json\" class=\"yoast-schema-graph\">{\"@context\":\"https:\/\/schema.org\",\"@graph\":[{\"@type\":\"WebPage\",\"@id\":\"https:\/\/www.northsouthapartments.com\/impressum\/\",\"url\":\"https:\/\/www.northsouthapartments.com\/impressum\/\",\"name\":\"Impressum - Northsouth Apartments\",\"isPartOf\":{\"@id\":\"https:\/\/www.northsouthapartments.com\/en\/#website\"},\"datePublished\":\"2024-08-15T10:02:06+00:00\",\"dateModified\":\"2024-09-30T18:32:52+00:00\",\"breadcrumb\":{\"@id\":\"https:\/\/www.northsouthapartments.com\/impressum\/#breadcrumb\"},\"inLanguage\":\"en-US\",\"potentialAction\":[{\"@type\":\"ReadAction\",\"target\":[\"https:\/\/www.northsouthapartments.com\/impressum\/\"]}]},{\"@type\":\"BreadcrumbList\",\"@id\":\"https:\/\/www.northsouthapartments.com\/impressum\/#breadcrumb\",\"itemListElement\":[{\"@type\":\"ListItem\",\"position\":1,\"name\":\"Startseite\",\"item\":\"https:\/\/www.northsouthapartments.com\/sample-home-page\/\"},{\"@type\":\"ListItem\",\"position\":2,\"name\":\"Impressum\"}]},{\"@type\":\"WebSite\",\"@id\":\"https:\/\/www.northsouthapartments.com\/en\/#website\",\"url\":\"https:\/\/www.northsouthapartments.com\/en\/\",\"name\":\"Northsouth Apartments\",\"description\":\"Apartments in S\u00f6lden\",\"publisher\":{\"@id\":\"https:\/\/www.northsouthapartments.com\/en\/#organization\"},\"potentialAction\":[{\"@type\":\"SearchAction\",\"target\":{\"@type\":\"EntryPoint\",\"urlTemplate\":\"https:\/\/www.northsouthapartments.com\/en\/?s={search_term_string}\"},\"query-input\":{\"@type\":\"PropertyValueSpecification\",\"valueRequired\":true,\"valueName\":\"search_term_string\"}}],\"inLanguage\":\"en-US\"},{\"@type\":\"Organization\",\"@id\":\"https:\/\/www.northsouthapartments.com\/en\/#organization\",\"name\":\"Northsouth Apartments\",\"url\":\"https:\/\/www.northsouthapartments.com\/en\/\",\"logo\":{\"@type\":\"ImageObject\",\"inLanguage\":\"en-US\",\"@id\":\"https:\/\/www.northsouthapartments.com\/en\/#\/schema\/logo\/image\/\",\"url\":\"https:\/\/www.northsouthapartments.com\/wp-content\/uploads\/2024\/10\/Logo-Kreis-schwarz.webp\",\"contentUrl\":\"https:\/\/www.northsouthapartments.com\/wp-content\/uploads\/2024\/10\/Logo-Kreis-schwarz.webp\",\"width\":247,\"height\":239,\"caption\":\"Northsouth Apartments\"},\"image\":{\"@id\":\"https:\/\/www.northsouthapartments.com\/en\/#\/schema\/logo\/image\/\"}}]}<\/script>\n<!-- \/ Yoast SEO plugin. -->","yoast_head_json":{"title":"Impressum - Northsouth Apartments","robots":{"index":"index","follow":"follow","max-snippet":"max-snippet:-1","max-image-preview":"max-image-preview:large","max-video-preview":"max-video-preview:-1"},"canonical":"https:\/\/www.northsouthapartments.com\/en\/impressum\/","og_locale":"en_US","og_type":"article","og_title":"Impressum - Northsouth Apartments","og_description":"Impressum F\u00fcr den Inhalt verantwortlich Northsouth ApartmentsJohannes Riml und KarinSchmidH\u00f6fleweg 2a6450 S\u00f6lden \/ Austria Telefon: 0043 676 7883372\/ 0043 676 4264405 Mail:\u00a0info@northsouthapartments.comWeb:\u00a0www.northsouthapartments.com Bild- und Textquellen Eigenaufnahmen, \u00d6tztal Tourismus, Aqua Dome, Bergbahnen S\u00f6lden, fotolia.de, Appartement-Hotel A Casa Saphir Datenschutzerkl\u00e4rung GeltungsbereichDiese Datenschutzerkl\u00e4rung kl\u00e4rt Nutzer \u00fcber die Art, den Umfang und Zwecke der Erhebung und Verwendung personenbezogener Daten &hellip; Read more \"Impressum\"","og_url":"https:\/\/www.northsouthapartments.com\/en\/impressum\/","og_site_name":"Northsouth Apartments","article_modified_time":"2024-09-30T18:32:52+00:00","twitter_card":"summary_large_image","twitter_misc":{"Est. reading time":"4 minutes"},"schema":{"@context":"https:\/\/schema.org","@graph":[{"@type":"WebPage","@id":"https:\/\/www.northsouthapartments.com\/impressum\/","url":"https:\/\/www.northsouthapartments.com\/impressum\/","name":"Impressum - Northsouth Apartments","isPartOf":{"@id":"https:\/\/www.northsouthapartments.com\/en\/#website"},"datePublished":"2024-08-15T10:02:06+00:00","dateModified":"2024-09-30T18:32:52+00:00","breadcrumb":{"@id":"https:\/\/www.northsouthapartments.com\/impressum\/#breadcrumb"},"inLanguage":"en-US","potentialAction":[{"@type":"ReadAction","target":["https:\/\/www.northsouthapartments.com\/impressum\/"]}]},{"@type":"BreadcrumbList","@id":"https:\/\/www.northsouthapartments.com\/impressum\/#breadcrumb","itemListElement":[{"@type":"ListItem","position":1,"name":"Startseite","item":"https:\/\/www.northsouthapartments.com\/sample-home-page\/"},{"@type":"ListItem","position":2,"name":"Impressum"}]},{"@type":"WebSite","@id":"https:\/\/www.northsouthapartments.com\/en\/#website","url":"https:\/\/www.northsouthapartments.com\/en\/","name":"Northsouth Apartments","description":"Apartments in S\u00f6lden","publisher":{"@id":"https:\/\/www.northsouthapartments.com\/en\/#organization"},"potentialAction":[{"@type":"SearchAction","target":{"@type":"EntryPoint","urlTemplate":"https:\/\/www.northsouthapartments.com\/en\/?s={search_term_string}"},"query-input":{"@type":"PropertyValueSpecification","valueRequired":true,"valueName":"search_term_string"}}],"inLanguage":"en-US"},{"@type":"Organization","@id":"https:\/\/www.northsouthapartments.com\/en\/#organization","name":"Northsouth Apartments","url":"https:\/\/www.northsouthapartments.com\/en\/","logo":{"@type":"ImageObject","inLanguage":"en-US","@id":"https:\/\/www.northsouthapartments.com\/en\/#\/schema\/logo\/image\/","url":"https:\/\/www.northsouthapartments.com\/wp-content\/uploads\/2024\/10\/Logo-Kreis-schwarz.webp","contentUrl":"https:\/\/www.northsouthapartments.com\/wp-content\/uploads\/2024\/10\/Logo-Kreis-schwarz.webp","width":247,"height":239,"caption":"Northsouth Apartments"},"image":{"@id":"https:\/\/www.northsouthapartments.com\/en\/#\/schema\/logo\/image\/"}}]}},"featured_media_urls":[],"_links":{"self":[{"href":"https:\/\/www.northsouthapartments.com\/en\/wp-json\/wp\/v2\/pages\/2962"}],"collection":[{"href":"https:\/\/www.northsouthapartments.com\/en\/wp-json\/wp\/v2\/pages"}],"about":[{"href":"https:\/\/www.northsouthapartments.com\/en\/wp-json\/wp\/v2\/types\/page"}],"author":[{"embeddable":true,"href":"https:\/\/www.northsouthapartments.com\/en\/wp-json\/wp\/v2\/users\/1"}],"replies":[{"embeddable":true,"href":"https:\/\/www.northsouthapartments.com\/en\/wp-json\/wp\/v2\/comments?post=2962"}],"version-history":[{"count":19,"href":"https:\/\/www.northsouthapartments.com\/en\/wp-json\/wp\/v2\/pages\/2962\/revisions"}],"predecessor-version":[{"id":3332,"href":"https:\/\/www.northsouthapartments.com\/en\/wp-json\/wp\/v2\/pages\/2962\/revisions\/3332"}],"wp:attachment":[{"href":"https:\/\/www.northsouthapartments.com\/en\/wp-json\/wp\/v2\/media?parent=2962"}],"wp:term":[{"taxonomy":"ferienhauser","embeddable":true,"href":"https:\/\/www.northsouthapartments.com\/en\/wp-json\/wp\/v2\/ferienhauser?post=2962"},{"taxonomy":"top_view_aparts","embeddable":true,"href":"https:\/\/www.northsouthapartments.com\/en\/wp-json\/wp\/v2\/top_view_aparts?post=2962"}],"curies":[{"name":"wp","href":"https:\/\/api.w.org\/{rel}","templated":true}]}}